{"id":1797,"date":"2024-06-25T06:26:32","date_gmt":"2024-06-25T06:26:32","guid":{"rendered":"https:\/\/parastatal1.govmu.org\/ssrbg\/?page_id=1797"},"modified":"2024-09-05T11:50:16","modified_gmt":"2024-09-05T11:50:16","slug":"visits-of-vips","status":"publish","type":"page","link":"https:\/\/ssrbg.govmu.org\/ssrbg\/?page_id=1797","title":{"rendered":"Visits of VIPs"},"content":{"rendered":"\t\t<div data-elementor-type=\"wp-page\" data-elementor-id=\"1797\" class=\"elementor elementor-1797\" data-elementor-post-type=\"page\">\n\t\t\t\t<div class=\"elementor-element elementor-element-bec563b e-flex e-con-boxed e-con e-parent\" data-id=\"bec563b\" data-element_type=\"container\">\n\t\t\t\t\t<div class=\"e-con-inner\">\n\t\t\t\t<div class=\"elementor-element elementor-element-8763927 elementor-widget elementor-widget-shortcode\" data-id=\"8763927\" data-element_type=\"widget\" data-widget_type=\"shortcode.default\">\n\t\t\t\t<div class=\"elementor-widget-container\">\n\t\t\t\t\t\t\t<div class=\"elementor-shortcode\"><h2 id=\"tablepress-1-name\" class=\"tablepress-table-name tablepress-table-name-id-1\">List of VIP plants<\/h2>\n\n<table id=\"tablepress-1\" class=\"tablepress tablepress-id-1 tablepress-responsive\" aria-labelledby=\"tablepress-1-name\">\n<thead>\n<tr class=\"row-1\">\n\t<th class=\"column-1\">Year<\/th><th class=\"column-2\">Date<\/th><th class=\"column-3\">Botanical Name<\/th><th class=\"column-4\">Common Name<\/th><th class=\"column-5\">Planted By<\/th><th class=\"column-6\">Location<\/th>\n<\/tr>\n<\/thead>\n<tbody class=\"row-striping row-hover\">\n<tr class=\"row-2\">\n\t<td class=\"column-1\">1956<\/td><td class=\"column-2\">1 Oct <\/td><td class=\"column-3\">Lagerstroemia speciosa<\/td><td class=\"column-4\">Goyavier royal<\/td><td class=\"column-5\">H. R. H. Princess Margaret<\/td><td class=\"column-6\">In front of chateau<\/td>\n<\/tr>\n<tr class=\"row-3\">\n\t<td class=\"column-1\">1968<\/td><td class=\"column-2\">12 Mar<\/td><td class=\"column-3\">Hornea mauritiana<\/td><td class=\"column-4\">Arbre a l'huile<\/td><td class=\"column-5\">Lady Greenwood<\/td><td class=\"column-6\">Ave Princ . Margaret<\/td>\n<\/tr>\n<tr class=\"row-4\">\n\t<td class=\"column-1\">1969<\/td><td class=\"column-2\">14 Sep<\/td><td class=\"column-3\">Mimusops petiolaris<\/td><td class=\"column-4\">Bois makak<\/td><td class=\"column-5\">H. R. H. Princess Alexandra<\/td><td class=\"column-6\">Ave Sir J. P. Hennessy<\/td>\n<\/tr>\n<tr class=\"row-5\">\n\t<td class=\"column-1\">1970<\/td><td class=\"column-2\">4 Jun <\/td><td class=\"column-3\">Elaeodendron oriental<\/td><td class=\"column-4\">Bois d'olive<\/td><td class=\"column-5\">H. E. Smt Indira Gandhi, Prime Minister, Republic of India<\/td><td class=\"column-6\">In front of chateau<\/td>\n<\/tr>\n<tr class=\"row-6\">\n\t<td class=\"column-1\">1973<\/td><td class=\"column-2\">12 Mar<\/td><td class=\"column-3\">Mimusops petiolaris<\/td><td class=\"column-4\">Bois makak<\/td><td class=\"column-5\">Sir Seewoosagur Ramgoolam, Prime Minister of Mauritius<\/td><td class=\"column-6\">Ave Princ . Margaret<\/td>\n<\/tr>\n<tr class=\"row-7\">\n\t<td class=\"column-1\">1973<\/td><td class=\"column-2\">27 Dec<\/td><td class=\"column-3\">Callophyllum eputamen<\/td><td class=\"column-4\">Tatamaka<\/td><td class=\"column-5\">Vice Admiral V. P. Maslov<\/td><td class=\"column-6\">Sentier samadhi<\/td>\n<\/tr>\n<tr class=\"row-8\">\n\t<td class=\"column-1\">1978<\/td><td class=\"column-2\">26 Jun<\/td><td class=\"column-3\">Diospyros diversifolia<\/td><td class=\"column-4\">Bois d'ebene de Rodrigues<\/td><td class=\"column-5\">Shri A.B. Vajpayee, Minister of External Affairs, India<\/td><td class=\"column-6\">Ave Princ . Margaret<\/td>\n<\/tr>\n<tr class=\"row-9\">\n\t<td class=\"column-1\">1986<\/td><td class=\"column-2\">4 Jul<\/td><td class=\"column-3\">Saraca indica<\/td><td class=\"column-4\"><\/td><td class=\"column-5\">H. E. Shri Rajiv Gandhi, Prime Minister, Republic of India<\/td><td class=\"column-6\">Sentier samadhi<\/td>\n<\/tr>\n<tr class=\"row-10\">\n\t<td class=\"column-1\">1987<\/td><td class=\"column-2\">6 Sep<\/td><td class=\"column-3\">Putranjiva roxburghii<\/td><td class=\"column-4\">Tree of friendship<\/td><td class=\"column-5\">H.E. Sir Veerasamy Ringadoo and H.E.P. V. Shri Narsimha Rao<\/td><td class=\"column-6\">Ave Sir J. P. Hennessy<\/td>\n<\/tr>\n<tr class=\"row-11\">\n\t<td class=\"column-1\">1988<\/td><td class=\"column-2\">11 Mar<\/td><td class=\"column-3\">Mimusops elengi<\/td><td class=\"column-4\">Elengi<\/td><td class=\"column-5\">H.E. Dr Shankar Dayal Sharma, Vice-President of India<\/td><td class=\"column-6\">Ave Sir J. P. Hennessy<\/td>\n<\/tr>\n<tr class=\"row-12\">\n\t<td class=\"column-1\">1990<\/td><td class=\"column-2\">13 Jun<\/td><td class=\"column-3\">Myristica fragrans<\/td><td class=\"column-4\">Muscadier<\/td><td class=\"column-5\">S. E. M. Francois Mitterrand, Pr\u00e9sident de la R\u00e9publique Fran\u00e7aise<\/td><td class=\"column-6\">VIP lane<\/td>\n<\/tr>\n<tr class=\"row-13\">\n\t<td class=\"column-1\">1991<\/td><td class=\"column-2\">18 May<\/td><td class=\"column-3\">Gastonia mauritiana<\/td><td class=\"column-4\">Bois d'eponge<\/td><td class=\"column-5\">H.E.Cde. Robert G. Mugabe, President of the Republic of Zimbabwe<\/td><td class=\"column-6\">VIP lane<\/td>\n<\/tr>\n<tr class=\"row-14\">\n\t<td class=\"column-1\">1993<\/td><td class=\"column-2\">12 Mar<\/td><td class=\"column-3\">Syzygium contractum<\/td><td class=\"column-4\">Bois pomme<\/td><td class=\"column-5\">H. E. Mr. M. Joaquim Alberto Ghissano, President of the Republic of Mozambique<\/td><td class=\"column-6\">VIP lane<\/td>\n<\/tr>\n<tr class=\"row-15\">\n\t<td class=\"column-1\">1995<\/td><td class=\"column-2\">6 Apr<\/td><td class=\"column-3\">Erythrina falcata<\/td><td class=\"column-4\"><\/td><td class=\"column-5\">Smt. Sonia Gandhi, Republic of India<\/td><td class=\"column-6\">Sentier samadhi<\/td>\n<\/tr>\n<tr class=\"row-16\">\n\t<td class=\"column-1\">1997<\/td><td class=\"column-2\">23 Jul<\/td><td class=\"column-3\">Cordia sebestena<\/td><td class=\"column-4\">Sebestena<\/td><td class=\"column-5\">H.E. Mr. F. J. T. Chiluba, President of the Republic of Zambia<\/td><td class=\"column-6\">VIP lane<\/td>\n<\/tr>\n<tr class=\"row-17\">\n\t<td class=\"column-1\">1997<\/td><td class=\"column-2\">4 Feb<\/td><td class=\"column-3\">Delonix regia<\/td><td class=\"column-4\">Flamboyant<\/td><td class=\"column-5\">H. E. Shri H. D. Deve Gowda<\/td><td class=\"column-6\">VIP lane<\/td>\n<\/tr>\n<tr class=\"row-18\">\n\t<td class=\"column-1\">1998<\/td><td class=\"column-2\">4 Sep<\/td><td class=\"column-3\">Polyalthia longifolia<\/td><td class=\"column-4\">Ashoka tree<\/td><td class=\"column-5\">H.E. Shri Atal Bihari Vajpayee, Prime Minister of India<\/td><td class=\"column-6\">VIP lane<\/td>\n<\/tr>\n<tr class=\"row-19\">\n\t<td class=\"column-1\">1998<\/td><td class=\"column-2\">11 Sep<\/td><td class=\"column-3\">Diospyros egrettarum<\/td><td class=\"column-4\">Ebony<\/td><td class=\"column-5\">H. E. Mr. Nelson Mandela, President of the Republic of South Africa<\/td><td class=\"column-6\">VIP lane<\/td>\n<\/tr>\n<tr class=\"row-20\">\n\t<td class=\"column-1\">1998<\/td><td class=\"column-2\">2 Oct<\/td><td class=\"column-3\">Triplaris americana<\/td><td class=\"column-4\"><\/td><td class=\"column-5\">H.R.H. The Princesse Royal, Princess Anne<\/td><td class=\"column-6\">Ave Charles Darwin<\/td>\n<\/tr>\n<tr class=\"row-21\">\n\t<td class=\"column-1\">1999<\/td><td class=\"column-2\">17 Nov<\/td><td class=\"column-3\">Dombeya mauritiana<\/td><td class=\"column-4\"><\/td><td class=\"column-5\">H. E. Mr. Li peng, Chairman of the Standing Committee of the National People's Congress of China<\/td><td class=\"column-6\">VIP lane<\/td>\n<\/tr>\n<tr class=\"row-22\">\n\t<td class=\"column-1\">2000<\/td><td class=\"column-2\">15 May<\/td><td class=\"column-3\">Diospyros tessellaria<\/td><td class=\"column-4\">Bois d'ebene noir<\/td><td class=\"column-5\">His Majesty Mswati III, King of Swaziland<\/td><td class=\"column-6\">VIP lane<\/td>\n<\/tr>\n<tr class=\"row-23\">\n\t<td class=\"column-1\">2001<\/td><td class=\"column-2\">18 Apr<\/td><td class=\"column-3\">Labourdonnaisia glauca<\/td><td class=\"column-4\">Bois de natte<\/td><td class=\"column-5\">H.E. Mr. Li Ruihuan, Chairman of the National Committee of the Chinese People's Political Consultative Conference<\/td><td class=\"column-6\">VIP lane<\/td>\n<\/tr>\n<tr class=\"row-24\">\n\t<td class=\"column-1\">2001<\/td><td class=\"column-2\">1 Nov<\/td><td class=\"column-3\">Aegle marmelos<\/td><td class=\"column-4\">Bael tree<\/td><td class=\"column-5\">Dr.M. M. Joshi, Minister fro Human Resource Development, Science and Technology and Ocean Development, Republic of India<\/td><td class=\"column-6\">VIP lane<\/td>\n<\/tr>\n<tr class=\"row-25\">\n\t<td class=\"column-1\">2002<\/td><td class=\"column-2\">4 Sep<\/td><td class=\"column-3\">Trochetia parviflora<\/td><td class=\"column-4\"><\/td><td class=\"column-5\">His Highness Sheikh Ahmed Bin Saeed - Maktoum, Chairman Emirates and Director Civil Avaition Dubai<\/td><td class=\"column-6\">VIP lane<\/td>\n<\/tr>\n<tr class=\"row-26\">\n\t<td class=\"column-1\">2002<\/td><td class=\"column-2\">12 Mar<\/td><td class=\"column-3\">Coffea myrtifolia<\/td><td class=\"column-4\">Caf\u00e9 marron<\/td><td class=\"column-5\">H.E. Mr. Abdoulaye Wade, President of the Republic of the Senegal<\/td><td class=\"column-6\">VIP lane<\/td>\n<\/tr>\n<tr class=\"row-27\">\n\t<td class=\"column-1\">2003<\/td><td class=\"column-2\">22 Feb<\/td><td class=\"column-3\">Terminalia benzoe<\/td><td class=\"column-4\">Bois Benzoin<\/td><td class=\"column-5\">H. E. Mr. A. Raouf Bundhun, G.O.S.K., Vice-President of the Republic of Mauritius<\/td><td class=\"column-6\">VIP lane<\/td>\n<\/tr>\n<tr class=\"row-28\">\n\t<td class=\"column-1\">2003<\/td><td class=\"column-2\">8 May<\/td><td class=\"column-3\">Poupartia borbonica<\/td><td class=\"column-4\">Bois poupart<\/td><td class=\"column-5\">H.E. Mr. John Agyekum Kufyor, President of the Republic of Ghana<\/td><td class=\"column-6\">VIP lane<\/td>\n<\/tr>\n<tr class=\"row-29\">\n\t<td class=\"column-1\">2003<\/td><td class=\"column-2\">7 Nov<\/td><td class=\"column-3\">Diospyros tessellaria<\/td><td class=\"column-4\">Bois d'ebene noir<\/td><td class=\"column-5\">HRH The Earl of Wessex KCVO<\/td><td class=\"column-6\">Ave Charles Darwin<\/td>\n<\/tr>\n<tr class=\"row-30\">\n\t<td class=\"column-1\">2005<\/td><td class=\"column-2\">30 Mar<\/td><td class=\"column-3\">Sideroxylon grandiflorum<\/td><td class=\"column-4\">Tambalacoque<\/td><td class=\"column-5\">H.E. Dr. Manmohan Singh, Prime Minister of the Republic of India<\/td><td class=\"column-6\">VIP lane<\/td>\n<\/tr>\n<tr class=\"row-31\">\n\t<td class=\"column-1\">2005<\/td><td class=\"column-2\">11 May<\/td><td class=\"column-3\">Diospyros boutoniana<\/td><td class=\"column-4\">Bois d'ebene marbre<\/td><td class=\"column-5\">H.E. Mr. James Alix Michel, President of the Republic of Seychelles<\/td><td class=\"column-6\">VIP lane<\/td>\n<\/tr>\n<tr class=\"row-32\">\n\t<td class=\"column-1\">2005<\/td><td class=\"column-2\">14 Jan<\/td><td class=\"column-3\">Sideroxylon cinereum<\/td><td class=\"column-4\">Manglier vert<\/td><td class=\"column-5\">Mr. Kofi Annan, Secretary General of the United Nations<\/td><td class=\"column-6\">VIP lane<\/td>\n<\/tr>\n<tr class=\"row-33\">\n\t<td class=\"column-1\">2005<\/td><td class=\"column-2\">9 Nov<\/td><td class=\"column-3\">Eugenia tinifolia<\/td><td class=\"column-4\">Bois Nefle<\/td><td class=\"column-5\">H.E. Mr Marc Ravalomanana, President of the Republic of Madagascar<\/td><td class=\"column-6\">Ave Smt I. Gandhi<\/td>\n<\/tr>\n<tr class=\"row-34\">\n\t<td class=\"column-1\">2006<\/td><td class=\"column-2\">12 Mar<\/td><td class=\"column-3\">Sideroxylon puberulum<\/td><td class=\"column-4\">Manglier<\/td><td class=\"column-5\">H. E. Dr. A.P.J. Abdul Kalam, President of the Republic of India<\/td><td class=\"column-6\">Ave Smt I. Gandhi<\/td>\n<\/tr>\n<tr class=\"row-35\">\n\t<td class=\"column-1\">2008<\/td><td class=\"column-2\">12 Mar<\/td><td class=\"column-3\">Securinega durissima<\/td><td class=\"column-4\">Bois dur<\/td><td class=\"column-5\">H.E. Mr. Thabo Mvugelwa Mbeki, President of the Republic of South Africa<\/td><td class=\"column-6\">Ave Smt I. Gandhi<\/td>\n<\/tr>\n<tr class=\"row-36\">\n\t<td class=\"column-1\">2008<\/td><td class=\"column-2\">29 May<\/td><td class=\"column-3\">Corypha umbraculifera<\/td><td class=\"column-4\">Talipot Palm<\/td><td class=\"column-5\">Hon. Dr. Arvin Boolell, Minister of Agro Industry and Fisheries<\/td><td class=\"column-6\"><\/td>\n<\/tr>\n<tr class=\"row-37\">\n\t<td class=\"column-1\">2009<\/td><td class=\"column-2\">18 Mar<\/td><td class=\"column-3\">Cossinia pinnata<\/td><td class=\"column-4\">Bois de judas<\/td><td class=\"column-5\">H. E. Ms. Quentin Bryce AC, The Governor-General of Te Commonwealth of Australia<\/td><td class=\"column-6\">VIP lane<\/td>\n<\/tr>\n<tr class=\"row-38\">\n\t<td class=\"column-1\">2009<\/td><td class=\"column-2\">13 Mar<\/td><td class=\"column-3\">Tambourissa quadrifida<\/td><td class=\"column-4\">Bois Tambour<\/td><td class=\"column-5\">H. E. Lt. General S. K. I. Khama, President of Republic of Botswana<\/td><td class=\"column-6\">Ave Smt I. Gandhi<\/td>\n<\/tr>\n<tr class=\"row-39\">\n\t<td class=\"column-1\">2009<\/td><td class=\"column-2\">17 Feb<\/td><td class=\"column-3\">Terminalia benzoe<\/td><td class=\"column-4\">Boin benzoin<\/td><td class=\"column-5\">H.E. Mr. Hu Jintao, President of The People's Republic of China<\/td><td class=\"column-6\">Ave Smt I. Gandhi<\/td>\n<\/tr>\n<tr class=\"row-40\">\n\t<td class=\"column-1\">2010<\/td><td class=\"column-2\">21 Nov<\/td><td class=\"column-3\">Protium obustifolium<\/td><td class=\"column-4\">Bois colophane rouge<\/td><td class=\"column-5\">Dr. Jacques Diouf, Director General Food and Agriculture Organisation in the presence of The Hon. Mr. Satya Veyash Faugoo, Minister of Agro Industry &amp; Food Security<\/td><td class=\"column-6\">VIP lane<\/td>\n<\/tr>\n<tr class=\"row-41\">\n\t<td class=\"column-1\">2010<\/td><td class=\"column-2\">8 Aug<\/td><td class=\"column-3\">Calophyllum tacamahaca<\/td><td class=\"column-4\">Takamaka<\/td><td class=\"column-5\">Baroness Catherine Ashton, High Representative of the European Union for Foreign Affairs and Security Policy and Vice-President of the European Commission<\/td><td class=\"column-6\">VIP lane<\/td>\n<\/tr>\n<tr class=\"row-42\">\n\t<td class=\"column-1\">2010<\/td><td class=\"column-2\">13 Oct<\/td><td class=\"column-3\">Myristica fragrans<\/td><td class=\"column-4\">Nutmeg<\/td><td class=\"column-5\">The Hon. Satya Veyash Faugoo, Minister of Agro-Industry and Food Security<\/td><td class=\"column-6\">VIP lane<\/td>\n<\/tr>\n<tr class=\"row-43\">\n\t<td class=\"column-1\">2010<\/td><td class=\"column-2\">29 Sep<\/td><td class=\"column-3\">Tambourissa sp<\/td><td class=\"column-4\">Bois Tambour<\/td><td class=\"column-5\">The Hon. Satya Veyash Faugoo, Minister of Agro-Industry and Food Security<\/td><td class=\"column-6\">Ave Charles Darwin<\/td>\n<\/tr>\n<tr class=\"row-44\">\n\t<td class=\"column-1\">2010<\/td><td class=\"column-2\">29 Sep<\/td><td class=\"column-3\">Zanthoxylum heterophyllum<\/td><td class=\"column-4\">Bois de Poivre<\/td><td class=\"column-5\">The Hon. Nandcoomar Bodha, Minister of Tourism and Leisure<\/td><td class=\"column-6\">Ave Charles Darwin<\/td>\n<\/tr>\n<tr class=\"row-45\">\n\t<td class=\"column-1\">2011<\/td><td class=\"column-2\">5 Jun<\/td><td class=\"column-3\">Coffea myrtifolia<\/td><td class=\"column-4\">Caf\u00e9 marron<\/td><td class=\"column-5\">H.E. Mr. S. R. Nathan, President of the Republic of Singapore<\/td><td class=\"column-6\">Ave Smt I. Gandhi<\/td>\n<\/tr>\n<tr class=\"row-46\">\n\t<td class=\"column-1\">2011<\/td><td class=\"column-2\">25 Apr<\/td><td class=\"column-3\">Diospyros tessellaria<\/td><td class=\"column-4\">Black ebony<\/td><td class=\"column-5\">H. E. Smt Pratibha Devisingh Patil, President of the Republic of India<\/td><td class=\"column-6\">Ave Smt I. Gandhi<\/td>\n<\/tr>\n<tr class=\"row-47\">\n\t<td class=\"column-1\">2011<\/td><td class=\"column-2\">10 Jul<\/td><td class=\"column-3\">Sideroxylon cinereum<\/td><td class=\"column-4\">Manglier vert<\/td><td class=\"column-5\">S.E. M. Denis Sassou-Nguesso, Pr\u00e9sident de la R\u00e9publique du Congo<\/td><td class=\"column-6\">Ave Smt I. Gandhi<\/td>\n<\/tr>\n<tr class=\"row-48\">\n\t<td class=\"column-1\">2011<\/td><td class=\"column-2\">8 Jan<\/td><td class=\"column-3\">Foetidia mauritiana<\/td><td class=\"column-4\">Bois puant<\/td><td class=\"column-5\">H. E. Mr. Hui Liangyu, Vice-Premier of the People's Republic of China<\/td><td class=\"column-6\">Ave Smt I. Gandhi<\/td>\n<\/tr>\n<tr class=\"row-49\">\n\t<td class=\"column-1\">2011<\/td><td class=\"column-2\">12 Mar<\/td><td class=\"column-3\">Cyhostemma mappia Vitaceae<\/td><td class=\"column-4\">Bois mapou<\/td><td class=\"column-5\">Mr. Mohamed Nasheed, President of the Republic of M\u00e1ldives<\/td><td class=\"column-6\">Ave Smt I. Gandhi<\/td>\n<\/tr>\n<tr class=\"row-50\">\n\t<td class=\"column-1\">2013<\/td><td class=\"column-2\">12 Mar<\/td><td class=\"column-3\">Diospyros egrettarum<\/td><td class=\"column-4\">Ebony<\/td><td class=\"column-5\">H. E. Shri Pranab Mukherjee, President of the Republic of India<\/td><td class=\"column-6\">Ave Smt I. Gandhi<\/td>\n<\/tr>\n<tr class=\"row-51\">\n\t<td class=\"column-1\">2013<\/td><td class=\"column-2\">16 Oct<\/td><td class=\"column-3\">Syzygium guehoi<\/td><td class=\"column-4\">Bois de pomme<\/td><td class=\"column-5\">S. E. M. Ali Bongo Ondimba, Pr\u00e9sident de la R\u00e9publique Gabonaise<\/td><td class=\"column-6\">Ave Smt I. Gandhi<\/td>\n<\/tr>\n<tr class=\"row-52\">\n\t<td class=\"column-1\">2015<\/td><td class=\"column-2\">5 Jan<\/td><td class=\"column-3\">Polyscias dichrostachya<\/td><td class=\"column-4\">Bois d'eponge<\/td><td class=\"column-5\">The Hon. Mahen Kumar Seeruttun, Minister of Agro Industry and Food Security &amp; The Hon. Jayeshwur Raj Dayal, CSK, PDSM, QPM, Minsiter of Environment,  National Emergency Centre &amp; Beach Authority<\/td><td class=\"column-6\">Ave Charles Darwin<\/td>\n<\/tr>\n<tr class=\"row-53\">\n\t<td class=\"column-1\">2015<\/td><td class=\"column-2\">21 Sep<\/td><td class=\"column-3\">Syzygium aromaticum<\/td><td class=\"column-4\">Giroflier<\/td><td class=\"column-5\">Mons Alain Marsaud, D\u00e9put\u00e9 des Fran\u00e7ais de L'\u00e9tranger et Mons Christophe Frassa, S\u00e9nateur des Fran\u00e7ais de L'\u00e9tranger<\/td><td class=\"column-6\">Ave Charles Darwin<\/td>\n<\/tr>\n<tr class=\"row-54\">\n\t<td class=\"column-1\">2017<\/td><td class=\"column-2\"><\/td><td class=\"column-3\">Wollemia nobilis<\/td><td class=\"column-4\">Wollemi pine<\/td><td class=\"column-5\">H.E. Ms  Jenny Dee, Australian High commissioner<\/td><td class=\"column-6\">Ave Princ . Margaret<\/td>\n<\/tr>\n<tr class=\"row-55\">\n\t<td class=\"column-1\">2017<\/td><td class=\"column-2\"><\/td><td class=\"column-3\">Elaeocarpus bojeri<\/td><td class=\"column-4\">Bois dentelle<\/td><td class=\"column-5\">H.R.H Princess Maha Chakri Sirindhorn, Kingdom of Thailand<\/td><td class=\"column-6\">Ave Smt I. Gandhi<\/td>\n<\/tr>\n<tr class=\"row-56\">\n\t<td class=\"column-1\">2024<\/td><td class=\"column-2\">11 Mar<\/td><td class=\"column-3\">Poupartia pubescens<\/td><td class=\"column-4\">Bois blanc<\/td><td class=\"column-5\">Smt. Droupadi Murmu, President of the Republic of India<\/td><td class=\"column-6\">Ave Princ . Margaret<\/td>\n<\/tr>\n<\/tbody>\n<\/table>\n<!-- #tablepress-1 from cache --><\/div>\n\t\t\t\t\t\t<\/div>\n\t\t\t\t<\/div>\n\t\t\t\t\t<\/div>\n\t\t\t\t<\/div>\n\t\t\t\t<\/div>\n\t\t","protected":false},"excerpt":{"rendered":"","protected":false},"author":1,"featured_media":0,"parent":0,"menu_order":0,"comment_status":"closed","ping_status":"closed","template":"","meta":{"ngg_post_thumbnail":0,"footnotes":""},"class_list":["post-1797","page","type-page","status-publish","hentry"],"blocksy_meta":[],"_links":{"self":[{"href":"https:\/\/ssrbg.govmu.org\/ssrbg\/index.php?rest_route=\/wp\/v2\/pages\/1797","targetHints":{"allow":["GET"]}}],"collection":[{"href":"https:\/\/ssrbg.govmu.org\/ssrbg\/index.php?rest_route=\/wp\/v2\/pages"}],"about":[{"href":"https:\/\/ssrbg.govmu.org\/ssrbg\/index.php?rest_route=\/wp\/v2\/types\/page"}],"author":[{"embeddable":true,"href":"https:\/\/ssrbg.govmu.org\/ssrbg\/index.php?rest_route=\/wp\/v2\/users\/1"}],"replies":[{"embeddable":true,"href":"https:\/\/ssrbg.govmu.org\/ssrbg\/index.php?rest_route=%2Fwp%2Fv2%2Fcomments&post=1797"}],"version-history":[{"count":58,"href":"https:\/\/ssrbg.govmu.org\/ssrbg\/index.php?rest_route=\/wp\/v2\/pages\/1797\/revisions"}],"predecessor-version":[{"id":2404,"href":"https:\/\/ssrbg.govmu.org\/ssrbg\/index.php?rest_route=\/wp\/v2\/pages\/1797\/revisions\/2404"}],"wp:attachment":[{"href":"https:\/\/ssrbg.govmu.org\/ssrbg\/index.php?rest_route=%2Fwp%2Fv2%2Fmedia&parent=1797"}],"curies":[{"name":"wp","href":"https:\/\/api.w.org\/{rel}","templated":true}]}}