{"id":1896,"date":"2024-06-26T10:49:53","date_gmt":"2024-06-26T10:49:53","guid":{"rendered":"https:\/\/parastatal1.govmu.org\/ssrbg\/?page_id=1896"},"modified":"2024-08-28T06:32:28","modified_gmt":"2024-08-28T06:32:28","slug":"monuments-samadhi","status":"publish","type":"page","link":"https:\/\/ssrbg.govmu.org\/ssrbg\/?page_id=1896","title":{"rendered":"Monuments &#038; Samadhi"},"content":{"rendered":"\t\t<div data-elementor-type=\"wp-page\" data-elementor-id=\"1896\" class=\"elementor elementor-1896\" data-elementor-post-type=\"page\">\n\t\t\t\t<div class=\"elementor-element elementor-element-88f6de4 e-flex e-con-boxed e-con e-parent\" data-id=\"88f6de4\" data-element_type=\"container\">\n\t\t\t\t\t<div class=\"e-con-inner\">\n\t\t<div class=\"elementor-element elementor-element-a11cb8f e-con-full e-flex e-con e-child\" data-id=\"a11cb8f\" data-element_type=\"container\">\n\t\t\t\t<div class=\"elementor-element elementor-element-a06b7c3 elementor-widget elementor-widget-image\" data-id=\"a06b7c3\" data-element_type=\"widget\" data-widget_type=\"image.default\">\n\t\t\t\t<div class=\"elementor-widget-container\">\n\t\t\t\t\t\t\t\t\t\t\t\t\t\t\t<img fetchpriority=\"high\" decoding=\"async\" width=\"1000\" height=\"667\" src=\"https:\/\/ssrbg.govmu.org\/ssrbg\/wp-content\/uploads\/2024\/06\/DSC5676.jpg\" class=\"attachment-large size-large wp-image-1229\" alt=\"\" srcset=\"https:\/\/ssrbg.govmu.org\/ssrbg\/wp-content\/uploads\/2024\/06\/DSC5676.jpg 1000w, https:\/\/ssrbg.govmu.org\/ssrbg\/wp-content\/uploads\/2024\/06\/DSC5676-300x200.jpg 300w, https:\/\/ssrbg.govmu.org\/ssrbg\/wp-content\/uploads\/2024\/06\/DSC5676-768x512.jpg 768w\" sizes=\"(max-width: 1000px) 100vw, 1000px\" \/>\t\t\t\t\t\t\t\t\t\t\t\t\t\t\t<\/div>\n\t\t\t\t<\/div>\n\t\t\t\t<\/div>\n\t\t<div class=\"elementor-element elementor-element-f5e6b7b e-con-full e-flex e-con e-child\" data-id=\"f5e6b7b\" data-element_type=\"container\">\n\t\t\t\t<div class=\"elementor-element elementor-element-a0e4a34 elementor-widget elementor-widget-text-editor\" data-id=\"a0e4a34\" data-element_type=\"widget\" data-widget_type=\"text-editor.default\">\n\t\t\t\t<div class=\"elementor-widget-container\">\n\t\t\t\t\t\t\t\t\t<h4>The Chateau Mon Plaisir<\/h4><p>This two-storeyed building is not the fine house built by Labourdonnais near the main gate. \u00a0After Governor David deserted <em>Mon Plaisir \u00a0<\/em>for <em>Le Reduit<\/em> \u00a0in 1746, it was later occupied by the new Intendant, Pierre Poivre. But Governor Labrillanne objected to this and at the request of Nicolas C\u00e9r\u00e9, a building with a flat roof was erected for the Intendant in 1777. This building no longer exists.<\/p><p>After the British conquest of the island in 1810, a new building was constructed in 1823, as it stands today.<\/p><p>From the <em>Ch\u00e2teau<\/em> one has an attractive view of the Moka Range and the peak of Pieter Both. The building is today protected by law and has been proclaimed National Heritage.<\/p><p>It is proposed to set up an interactive museum, a conference room and an exhibition of botanical interest on the ground floor of the <em>Ch\u00e2teau<\/em>.<\/p>\t\t\t\t\t\t\t\t<\/div>\n\t\t\t\t<\/div>\n\t\t\t\t<\/div>\n\t\t\t\t\t<\/div>\n\t\t\t\t<\/div>\n\t\t<div class=\"elementor-element elementor-element-b29261e e-flex e-con-boxed e-con e-parent\" data-id=\"b29261e\" data-element_type=\"container\">\n\t\t\t\t\t<div class=\"e-con-inner\">\n\t\t<div class=\"elementor-element elementor-element-7fb9112 e-con-full e-flex e-con e-child\" data-id=\"7fb9112\" data-element_type=\"container\">\n\t\t\t\t<div class=\"elementor-element elementor-element-2cf087c elementor-widget elementor-widget-image\" data-id=\"2cf087c\" data-element_type=\"widget\" data-widget_type=\"image.default\">\n\t\t\t\t<div class=\"elementor-widget-container\">\n\t\t\t\t\t\t\t\t\t\t\t\t\t\t\t<img decoding=\"async\" width=\"500\" height=\"429\" src=\"https:\/\/ssrbg.govmu.org\/ssrbg\/wp-content\/uploads\/2024\/06\/memorial1.jpg\" class=\"attachment-large size-large wp-image-1928\" alt=\"\" srcset=\"https:\/\/ssrbg.govmu.org\/ssrbg\/wp-content\/uploads\/2024\/06\/memorial1.jpg 500w, https:\/\/ssrbg.govmu.org\/ssrbg\/wp-content\/uploads\/2024\/06\/memorial1-300x257.jpg 300w\" sizes=\"(max-width: 500px) 100vw, 500px\" \/>\t\t\t\t\t\t\t\t\t\t\t\t\t\t\t<\/div>\n\t\t\t\t<\/div>\n\t\t\t\t<\/div>\n\t\t<div class=\"elementor-element elementor-element-f19a5b4 e-con-full e-flex e-con e-child\" data-id=\"f19a5b4\" data-element_type=\"container\">\n\t\t\t\t<div class=\"elementor-element elementor-element-2d48b97 elementor-widget elementor-widget-text-editor\" data-id=\"2d48b97\" data-element_type=\"widget\" data-widget_type=\"text-editor.default\">\n\t\t\t\t<div class=\"elementor-widget-container\">\n\t\t\t\t\t\t\t\t\t<p><strong>The Garden also houses two funerary monuments of the first two Prime Ministers of Mauritius: the <em>Sir Seewoosagur Ramgoolam Samadhi\u00a0and Memorial<\/em> and the <em>Sir Anerood Jugnauth Samadhi\u00a0and Memorial.<\/em><\/strong><\/p>\t\t\t\t\t\t\t\t<\/div>\n\t\t\t\t<\/div>\n\t\t\t\t<div class=\"elementor-element elementor-element-149f3dc elementor-widget elementor-widget-text-editor\" data-id=\"149f3dc\" data-element_type=\"widget\" data-widget_type=\"text-editor.default\">\n\t\t\t\t<div class=\"elementor-widget-container\">\n\t\t\t\t\t\t\t\t\t<h4><strong>Sir Seewoosagur Ramgoolam Samadhi <\/strong><strong>and Memorial<\/strong><\/h4><p>Sir Seewoosagur Ramgoolam (1900-1985) was born in the village of Belle Rive. He studied medicine at University College, London. He joined politics in the mid-1930s. \u00a0He was the leading figure in the movement demanding an end to British colonial rule in Mauritius and became the first Prime Minister of Mauritius after its independence in 1968. In 1983 he became Governor General and passed away at Le R\u00e9duit in 1985. Sir Seewoosagur Ramgoolam received a national funeral. He was cremated at Sir Seewoosagur Ramgoolam Botanic garden where his <em>Samadhi<\/em> has been erected.<\/p><p>Officials and friends pay homage to this distinguished countryman by laying wreaths on the Samadhi as a mark of respect. The Sir Seewoosagur Ramgoolam Memorial consists of a fountain feature surmounted by a sculpture of a lotus flower (<em>Nelumbo nucifera<\/em>) in basalt, with the inscription \u2018In beloved memory of the Father of the Nation\u2019 in front. This was designed by the well-known Mauritian artist and architect, Marcel Lagesse.<\/p>\t\t\t\t\t\t\t\t<\/div>\n\t\t\t\t<\/div>\n\t\t\t\t<\/div>\n\t\t\t\t\t<\/div>\n\t\t\t\t<\/div>\n\t\t<div class=\"elementor-element elementor-element-9ec5205 e-flex e-con-boxed e-con e-parent\" data-id=\"9ec5205\" data-element_type=\"container\">\n\t\t\t\t\t<div class=\"e-con-inner\">\n\t\t<div class=\"elementor-element elementor-element-0406066 e-con-full e-flex e-con e-child\" data-id=\"0406066\" data-element_type=\"container\">\n\t\t\t\t<div class=\"elementor-element elementor-element-b2dd7c5 elementor-widget elementor-widget-image\" data-id=\"b2dd7c5\" data-element_type=\"widget\" data-widget_type=\"image.default\">\n\t\t\t\t<div class=\"elementor-widget-container\">\n\t\t\t\t\t\t\t\t\t\t\t\t\t\t\t<img decoding=\"async\" width=\"1000\" height=\"667\" src=\"https:\/\/ssrbg.govmu.org\/ssrbg\/wp-content\/uploads\/2024\/06\/DSC_4707.jpg\" class=\"attachment-large size-large wp-image-1932\" alt=\"\" srcset=\"https:\/\/ssrbg.govmu.org\/ssrbg\/wp-content\/uploads\/2024\/06\/DSC_4707.jpg 1000w, https:\/\/ssrbg.govmu.org\/ssrbg\/wp-content\/uploads\/2024\/06\/DSC_4707-300x200.jpg 300w, https:\/\/ssrbg.govmu.org\/ssrbg\/wp-content\/uploads\/2024\/06\/DSC_4707-768x512.jpg 768w\" sizes=\"(max-width: 1000px) 100vw, 1000px\" \/>\t\t\t\t\t\t\t\t\t\t\t\t\t\t\t<\/div>\n\t\t\t\t<\/div>\n\t\t\t\t<\/div>\n\t\t<div class=\"elementor-element elementor-element-27b6532 e-con-full e-flex e-con e-child\" data-id=\"27b6532\" data-element_type=\"container\">\n\t\t\t\t<div class=\"elementor-element elementor-element-38c0b95 elementor-widget elementor-widget-text-editor\" data-id=\"38c0b95\" data-element_type=\"widget\" data-widget_type=\"text-editor.default\">\n\t\t\t\t<div class=\"elementor-widget-container\">\n\t\t\t\t\t\t\t\t\t<h4><strong>Sir Anerood Jugnauth Samadhi <\/strong><strong>and Memorial<\/strong><\/h4><p>Sir Anerood Jugnauth (1930-2021) was born in the village of Palma. He trained as a lawyer and became one of the most remarkable and respected politicians of the country by serving twice as President of the Republic, and six times as Prime Minister. He passed away on 3 June 2021 at the age of 91.<\/p><p>To mark the first anniversary of the death of Sir Anerood Jugnauth the Ministry of Arts and Cultural Heritage inaugurated a Samadhi and a memorial at the Garden. It was accompanied by a symbolic planting\u00a0of\u00a0a\u00a0<em>Rudraksha<\/em>\u00a0tree by the serving Prime Minister. Originally from the <em>Elaeocarpaceae<\/em> family, the tree\u2019s beads are known for its healing properties.<\/p><p>A\u00a0photo exhibition\u00a0retracing the highlights of the personal life and\u00a0achievements of Sir Anerood Jugnauth was also\u00a0organised at the <em>Ch\u00e2teau Mon Plaisir<\/em>.<\/p>\t\t\t\t\t\t\t\t<\/div>\n\t\t\t\t<\/div>\n\t\t\t\t<\/div>\n\t\t\t\t\t<\/div>\n\t\t\t\t<\/div>\n\t\t<div class=\"elementor-element elementor-element-d057bfd e-flex e-con-boxed e-con e-parent\" data-id=\"d057bfd\" data-element_type=\"container\">\n\t\t\t\t\t<div class=\"e-con-inner\">\n\t\t<div class=\"elementor-element elementor-element-139f75c e-con-full e-flex e-con e-child\" data-id=\"139f75c\" data-element_type=\"container\">\n\t\t\t\t<div class=\"elementor-element elementor-element-2242c9c elementor-widget elementor-widget-image\" data-id=\"2242c9c\" data-element_type=\"widget\" data-widget_type=\"image.default\">\n\t\t\t\t<div class=\"elementor-widget-container\">\n\t\t\t\t\t\t\t\t\t\t\t\t\t\t\t<img loading=\"lazy\" decoding=\"async\" width=\"600\" height=\"400\" src=\"https:\/\/ssrbg.govmu.org\/ssrbg\/wp-content\/uploads\/2024\/08\/cornwall.jpg\" class=\"attachment-large size-large wp-image-2241\" alt=\"\" srcset=\"https:\/\/ssrbg.govmu.org\/ssrbg\/wp-content\/uploads\/2024\/08\/cornwall.jpg 600w, https:\/\/ssrbg.govmu.org\/ssrbg\/wp-content\/uploads\/2024\/08\/cornwall-300x200.jpg 300w\" sizes=\"(max-width: 600px) 100vw, 600px\" \/>\t\t\t\t\t\t\t\t\t\t\t\t\t\t\t<\/div>\n\t\t\t\t<\/div>\n\t\t\t\t<\/div>\n\t\t<div class=\"elementor-element elementor-element-dfca23d e-con-full e-flex e-con e-child\" data-id=\"dfca23d\" data-element_type=\"container\">\n\t\t\t\t<div class=\"elementor-element elementor-element-a53fceb elementor-widget elementor-widget-text-editor\" data-id=\"a53fceb\" data-element_type=\"widget\" data-widget_type=\"text-editor.default\">\n\t\t\t\t<div class=\"elementor-widget-container\">\n\t\t\t\t\t\t\t\t\t<h4>HRH Duchess of Cornwall and York plaque (1901) and the HRH Duchess of York plaque (1927)<\/h4><p>The Royal Family&#8217;s visits to Mauritius and to the Botanic Garden was remembered by the laying of bronze plaques and planting of trees.<\/p><p>The plaque commemorating the visit of HRH Duchess of Cornwall and York was laid on 7<sup>th<\/sup> August 1901 and two<em> Araucaria excelsa <\/em>were planted<em>.<\/em><\/p><p>On the occasion of the visit of HRH the Duchess of York (Queen Elizabeth) on 2<sup>nd<\/sup> June 1927, a \u00a0\u00a0plaque was laid on 2<sup>nd<\/sup> June 1927 and two <em>Araucaria cunninghamii<\/em> were planted.<\/p>\t\t\t\t\t\t\t\t<\/div>\n\t\t\t\t<\/div>\n\t\t\t\t<\/div>\n\t\t\t\t\t<\/div>\n\t\t\t\t<\/div>\n\t\t<div class=\"elementor-element elementor-element-20eedb9 e-flex e-con-boxed e-con e-parent\" data-id=\"20eedb9\" data-element_type=\"container\">\n\t\t\t\t\t<div class=\"e-con-inner\">\n\t\t<div class=\"elementor-element elementor-element-550ad72 e-con-full e-flex e-con e-child\" data-id=\"550ad72\" data-element_type=\"container\">\n\t\t\t\t<div class=\"elementor-element elementor-element-e6ad932 elementor-widget elementor-widget-image\" data-id=\"e6ad932\" data-element_type=\"widget\" data-widget_type=\"image.default\">\n\t\t\t\t<div class=\"elementor-widget-container\">\n\t\t\t\t\t\t\t\t\t\t\t\t\t\t\t<img loading=\"lazy\" decoding=\"async\" width=\"800\" height=\"534\" src=\"https:\/\/ssrbg.govmu.org\/ssrbg\/wp-content\/uploads\/2024\/08\/victory.jpg\" class=\"attachment-large size-large wp-image-2242\" alt=\"\" srcset=\"https:\/\/ssrbg.govmu.org\/ssrbg\/wp-content\/uploads\/2024\/08\/victory.jpg 800w, https:\/\/ssrbg.govmu.org\/ssrbg\/wp-content\/uploads\/2024\/08\/victory-300x200.jpg 300w, https:\/\/ssrbg.govmu.org\/ssrbg\/wp-content\/uploads\/2024\/08\/victory-768x513.jpg 768w\" sizes=\"(max-width: 800px) 100vw, 800px\" \/>\t\t\t\t\t\t\t\t\t\t\t\t\t\t\t<\/div>\n\t\t\t\t<\/div>\n\t\t\t\t<\/div>\n\t\t<div class=\"elementor-element elementor-element-9a59305 e-con-full e-flex e-con e-child\" data-id=\"9a59305\" data-element_type=\"container\">\n\t\t\t\t<div class=\"elementor-element elementor-element-b895f98 elementor-widget elementor-widget-text-editor\" data-id=\"b895f98\" data-element_type=\"widget\" data-widget_type=\"text-editor.default\">\n\t\t\t\t<div class=\"elementor-widget-container\">\n\t\t\t\t\t\t\t\t\t<h4>Place de la Victoire<\/h4><p>This very simple monument, mounted with a cross was placed on 3<sup>rd<\/sup> August 1919 to mark the Allies Victory in the First World War (1914-1918).<\/p>\t\t\t\t\t\t\t\t<\/div>\n\t\t\t\t<\/div>\n\t\t\t\t<\/div>\n\t\t\t\t\t<\/div>\n\t\t\t\t<\/div>\n\t\t<div class=\"elementor-element elementor-element-3a9676c e-flex e-con-boxed e-con e-parent\" data-id=\"3a9676c\" data-element_type=\"container\">\n\t\t\t\t\t<div class=\"e-con-inner\">\n\t\t<div class=\"elementor-element elementor-element-1ccef65 e-con-full e-flex e-con e-child\" data-id=\"1ccef65\" data-element_type=\"container\">\n\t\t\t\t<div class=\"elementor-element elementor-element-ecf6299 elementor-widget elementor-widget-image\" data-id=\"ecf6299\" data-element_type=\"widget\" data-widget_type=\"image.default\">\n\t\t\t\t<div class=\"elementor-widget-container\">\n\t\t\t\t\t\t\t\t\t\t\t\t\t\t\t<img loading=\"lazy\" decoding=\"async\" width=\"1000\" height=\"667\" src=\"https:\/\/ssrbg.govmu.org\/ssrbg\/wp-content\/uploads\/2024\/06\/DSC5348.jpg\" class=\"attachment-large size-large wp-image-1916\" alt=\"\" srcset=\"https:\/\/ssrbg.govmu.org\/ssrbg\/wp-content\/uploads\/2024\/06\/DSC5348.jpg 1000w, https:\/\/ssrbg.govmu.org\/ssrbg\/wp-content\/uploads\/2024\/06\/DSC5348-300x200.jpg 300w, https:\/\/ssrbg.govmu.org\/ssrbg\/wp-content\/uploads\/2024\/06\/DSC5348-768x512.jpg 768w\" sizes=\"(max-width: 1000px) 100vw, 1000px\" \/>\t\t\t\t\t\t\t\t\t\t\t\t\t\t\t<\/div>\n\t\t\t\t<\/div>\n\t\t\t\t<\/div>\n\t\t<div class=\"elementor-element elementor-element-37501b8 e-con-full e-flex e-con e-child\" data-id=\"37501b8\" data-element_type=\"container\">\n\t\t\t\t<div class=\"elementor-element elementor-element-0feeaba elementor-widget elementor-widget-text-editor\" data-id=\"0feeaba\" data-element_type=\"widget\" data-widget_type=\"text-editor.default\">\n\t\t\t\t<div class=\"elementor-widget-container\">\n\t\t\t\t\t\t\t\t\t<h4>Stanley Alexander de Smith Monument<\/h4><p>This monument is dedicated to one of the drafters of the Constitution of Mauritius, Professor \u00a0Stanley Alexander de Smith, Cambridge University. He had expressed the wish for his ashes to be dispersed in Mauritius.<\/p>\t\t\t\t\t\t\t\t<\/div>\n\t\t\t\t<\/div>\n\t\t\t\t<\/div>\n\t\t\t\t\t<\/div>\n\t\t\t\t<\/div>\n\t\t<div class=\"elementor-element elementor-element-c073ed2 e-flex e-con-boxed e-con e-parent\" data-id=\"c073ed2\" data-element_type=\"container\">\n\t\t\t\t\t<div class=\"e-con-inner\">\n\t\t<div class=\"elementor-element elementor-element-813d742 e-con-full e-flex e-con e-child\" data-id=\"813d742\" data-element_type=\"container\">\n\t\t\t\t<div class=\"elementor-element elementor-element-981df3b elementor-widget elementor-widget-image\" data-id=\"981df3b\" data-element_type=\"widget\" data-widget_type=\"image.default\">\n\t\t\t\t<div class=\"elementor-widget-container\">\n\t\t\t\t\t\t\t\t\t\t\t\t\t\t\t<img loading=\"lazy\" decoding=\"async\" width=\"1000\" height=\"667\" src=\"https:\/\/ssrbg.govmu.org\/ssrbg\/wp-content\/uploads\/2024\/06\/DSC5637-1.jpg\" class=\"attachment-large size-large wp-image-1905\" alt=\"\" srcset=\"https:\/\/ssrbg.govmu.org\/ssrbg\/wp-content\/uploads\/2024\/06\/DSC5637-1.jpg 1000w, https:\/\/ssrbg.govmu.org\/ssrbg\/wp-content\/uploads\/2024\/06\/DSC5637-1-300x200.jpg 300w, https:\/\/ssrbg.govmu.org\/ssrbg\/wp-content\/uploads\/2024\/06\/DSC5637-1-768x512.jpg 768w\" sizes=\"(max-width: 1000px) 100vw, 1000px\" \/>\t\t\t\t\t\t\t\t\t\t\t\t\t\t\t<\/div>\n\t\t\t\t<\/div>\n\t\t\t\t<\/div>\n\t\t<div class=\"elementor-element elementor-element-b2ebbd5 e-con-full e-flex e-con e-child\" data-id=\"b2ebbd5\" data-element_type=\"container\">\n\t\t\t\t<div class=\"elementor-element elementor-element-54f63cf elementor-widget elementor-widget-text-editor\" data-id=\"54f63cf\" data-element_type=\"widget\" data-widget_type=\"text-editor.default\">\n\t\t\t\t<div class=\"elementor-widget-container\">\n\t\t\t\t\t\t\t\t\t<h4>Old Sugar Mill<\/h4><p>The old sugar mills in Mauritius were not powered with motors; the vertical rollers which crushed the canes were rotated by two oxen. In modern mills there are several sets of horizontal cylinders to ensure that all juice in the canes has been nearly completely expressed. In the old days, however, millers had to be content with a single press. The juice was collected in a pond which in this case is found under the straw roof and from there, led into a set of five cauldrons, the first two of which were not heated. Foreign matter was skimmed off before the juice was \u201ccooked\u201d to the consistency of caramel. This syrup was then given time to set in the tray nearby where it was shaped in wooden moulds. However simple this mill may appear to be, it satisfied the needs of the time. In the years that followed, steady progress was made in the crushing and processing of cane, all of which has led to the modern highly sophisticated mills.<\/p><p>The old sugar mill was donated to the Garden in 1953 by the Mauritius Chamber of Agriculture to mark its centenary of its creation.\u00a0 The Mill was renovated by Alteo Limited in 2024.<\/p><p><a href=\"\/ssrbg\/wp-content\/uploads\/2024\/08\/sugarmill-How-it-works.pdf\">Old Sugar Mill &#8211; How it works<\/a><\/p>\t\t\t\t\t\t\t\t<\/div>\n\t\t\t\t<\/div>\n\t\t\t\t<\/div>\n\t\t\t\t\t<\/div>\n\t\t\t\t<\/div>\n\t\t<div class=\"elementor-element elementor-element-f392369 e-flex e-con-boxed e-con e-parent\" data-id=\"f392369\" data-element_type=\"container\">\n\t\t\t\t\t<div class=\"e-con-inner\">\n\t\t<div class=\"elementor-element elementor-element-a88f085 e-con-full e-flex e-con e-child\" data-id=\"a88f085\" data-element_type=\"container\">\n\t\t\t\t<div class=\"elementor-element elementor-element-90f2279 elementor-widget elementor-widget-image\" data-id=\"90f2279\" data-element_type=\"widget\" data-widget_type=\"image.default\">\n\t\t\t\t<div class=\"elementor-widget-container\">\n\t\t\t\t\t\t\t\t\t\t\t\t\t\t\t<img loading=\"lazy\" decoding=\"async\" width=\"1000\" height=\"667\" src=\"https:\/\/ssrbg.govmu.org\/ssrbg\/wp-content\/uploads\/2024\/06\/DSC5244-1.jpg\" class=\"attachment-large size-large wp-image-1831\" alt=\"\" srcset=\"https:\/\/ssrbg.govmu.org\/ssrbg\/wp-content\/uploads\/2024\/06\/DSC5244-1.jpg 1000w, https:\/\/ssrbg.govmu.org\/ssrbg\/wp-content\/uploads\/2024\/06\/DSC5244-1-300x200.jpg 300w, https:\/\/ssrbg.govmu.org\/ssrbg\/wp-content\/uploads\/2024\/06\/DSC5244-1-768x512.jpg 768w\" sizes=\"(max-width: 1000px) 100vw, 1000px\" \/>\t\t\t\t\t\t\t\t\t\t\t\t\t\t\t<\/div>\n\t\t\t\t<\/div>\n\t\t\t\t<\/div>\n\t\t<div class=\"elementor-element elementor-element-e354e1b e-con-full e-flex e-con e-child\" data-id=\"e354e1b\" data-element_type=\"container\">\n\t\t\t\t<div class=\"elementor-element elementor-element-80d2f7e elementor-widget elementor-widget-text-editor\" data-id=\"80d2f7e\" data-element_type=\"widget\" data-widget_type=\"text-editor.default\">\n\t\t\t\t<div class=\"elementor-widget-container\">\n\t\t\t\t\t\t\t\t\t<h4>Li\u00e9nard Obelisk<\/h4>\n<p>Turning left on Labourdonnais Avenue which is flanked with the fairly rare yellow latan&nbsp;<em>(Latania sp.)&nbsp;<\/em>from Madagascar, one encounters the Li\u00e9nard Obelisk. The latter is a graceful, white column of marble donated by Fran\u00e7ois Li\u00e9nard de la Mivoye (1782-1861) to the Royal Society of Arts and Sciences of Mauritius and placed in the Garden under the patronage of Governor William Stevenson in 1861. On one side of the monument is inscribed this philosophical saying from Bernardin de Saint Pierre:<\/p>\n<p><em>\u201cLe don d\u2019une plante utile me parait plus pr\u00e9cieux que la d\u00e9couverte d\u2019une mine d\u2019or et un monument plus durable qu\u2019une pyramide\u201d<\/em><\/p>\n<p>According to the wishes of Li\u00e9nard, the names of those who have contributed to the prosperity of the island by helping its agriculture or by introducing interesting plants or animals are engraved on the marble. The first name to appear on the column is that of Mah\u00e9 de Labourdonnais. In June 2007, three names were engraved: those of Professor Robert Antoine, Dr. Raymond Mamet and Dr. Pierre Halais. The last inscriptions were of Jean de Boucherville Baissac, Alfred North Coombes, France Staub, Claude Michel and Joseph Gu\u00e9ho on 31<sup>st<\/sup> October 2019.<\/p>\n<p>There are in total seventy three names engraved on the Obelisk.<\/p>\n<p>Traditionally,&nbsp; as per the will of Li\u00e9nard, a name can be engraved not less than 10 years after the passing away of the person concerned.<\/p>\t\t\t\t\t\t\t\t<\/div>\n\t\t\t\t<\/div>\n\t\t\t\t<\/div>\n\t\t\t\t\t<\/div>\n\t\t\t\t<\/div>\n\t\t\t\t<\/div>\n\t\t","protected":false},"excerpt":{"rendered":"<p>The Chateau Mon Plaisir This two-storeyed building is not the fine house built by Labourdonnais near the main gate. \u00a0After Governor David deserted Mon Plaisir \u00a0for Le Reduit \u00a0in 1746, it was later occupied by the new Intendant, Pierre Poivre. But Governor Labrillanne objected to this and at the request of Nicolas C\u00e9r\u00e9, a building [&hellip;]<\/p>\n","protected":false},"author":1,"featured_media":0,"parent":0,"menu_order":0,"comment_status":"closed","ping_status":"closed","template":"","meta":{"ngg_post_thumbnail":0,"footnotes":""},"class_list":["post-1896","page","type-page","status-publish","hentry"],"blocksy_meta":[],"_links":{"self":[{"href":"https:\/\/ssrbg.govmu.org\/ssrbg\/index.php?rest_route=\/wp\/v2\/pages\/1896","targetHints":{"allow":["GET"]}}],"collection":[{"href":"https:\/\/ssrbg.govmu.org\/ssrbg\/index.php?rest_route=\/wp\/v2\/pages"}],"about":[{"href":"https:\/\/ssrbg.govmu.org\/ssrbg\/index.php?rest_route=\/wp\/v2\/types\/page"}],"author":[{"embeddable":true,"href":"https:\/\/ssrbg.govmu.org\/ssrbg\/index.php?rest_route=\/wp\/v2\/users\/1"}],"replies":[{"embeddable":true,"href":"https:\/\/ssrbg.govmu.org\/ssrbg\/index.php?rest_route=%2Fwp%2Fv2%2Fcomments&post=1896"}],"version-history":[{"count":71,"href":"https:\/\/ssrbg.govmu.org\/ssrbg\/index.php?rest_route=\/wp\/v2\/pages\/1896\/revisions"}],"predecessor-version":[{"id":2358,"href":"https:\/\/ssrbg.govmu.org\/ssrbg\/index.php?rest_route=\/wp\/v2\/pages\/1896\/revisions\/2358"}],"wp:attachment":[{"href":"https:\/\/ssrbg.govmu.org\/ssrbg\/index.php?rest_route=%2Fwp%2Fv2%2Fmedia&parent=1896"}],"curies":[{"name":"wp","href":"https:\/\/api.w.org\/{rel}","templated":true}]}}